{"id":55,"date":"2013-11-26T20:40:44","date_gmt":"2013-11-26T18:40:44","guid":{"rendered":"http:\/\/www.schbazl.de\/wordpress\/?page_id=55"},"modified":"2014-11-27T14:49:34","modified_gmt":"2014-11-27T12:49:34","slug":"ueber-mich","status":"publish","type":"page","link":"https:\/\/schbazl.de\/wordpress\/ueber-mich\/","title":{"rendered":"\u00dcber mich"},"content":{"rendered":"<p style=\"text-align: justify;\">Im t\u00e4glichen Leben hei\u00dfe ich Ulrike Hoffmann und lebe mit meinem Mann und unseren beiden Hunden in der N\u00e4he von Bamberg. Franken ist nicht nur f\u00fcr mich, sondern auch f\u00fcr meine Mann mehr als ein St\u00fcckchen Heimat. Unsere Region wird nicht umsonst als Genussregion Oberfranken bezeichnet. Die Vielzahl der Brauereien und deren dazugeh\u00f6renden Gastst\u00e4tten, das Weinbaugebiet Frankenwein, der Aischgrund mit seinem Karpfenland, die vielen kleinen Metzgereien und K\u00e4sereien, und noch vieles mehr, haben dieser Gegend den Namen gegeben.<\/p>\n<p style=\"text-align: justify;\">Bamberg wird auf der \u00f6stlichen Seite von der Fr\u00e4nkischen Schweiz eingerahmt. Bekannt f\u00fcr seine wundersch\u00f6nen engen Stra\u00dfen durch vertr\u00e4umte D\u00f6rfer und hohen Kletterfelsen, ist die \u201eFr\u00e4ngische\u201c nicht nur den Motorradfahrern und Freikletterern ein Begriff.<br \/>\nWir genie\u00dfen die \u201eFr\u00e4ngische\u201c mit unseren Wanderungen entlang der Wiesent, wandern durch vertr\u00e4umte D\u00f6rfchen, durch die traumhaft sch\u00f6ne Landschaft mit ihren Streuobstwiesen, durchzogen von W\u00e4ldern und kleinen B\u00e4chlein.<br \/>\nDie Fr\u00e4nkische Schweiz l\u00e4sst keinen Wanderwunsch offen.<\/p>\n<p style=\"text-align: justify;\">Mein Geheimtipp f\u00fcr endlos lange und einsame Wanderwege ist jedoch der Steigerwald, der sich auf der westlichen Seite von Bamberg ins Weinanbaugebiet zieht. Im Mai 2013 sind wir den Steigerwalder Panoramaweg in neun Tagen gewandert. Diese Art den Kopf von allem frei zu bekommen, l\u00e4sst auch unsere n\u00e4chste Fern-Wanderung planen. Im Fr\u00fchjahr 2014 wollen wir das erste Drittel des Frankenwegs laufen. Insgesamt erstreckt sich dieser auf 560 km.<br \/>\nAuch diesen Weg wollen wir wieder zusammen mit unserer Lapinkoira-H\u00fcndin Smilla laufen, die schon den 200 km langen Steigerwalder Panormaweg super toll mit gewandert ist.<\/p>\n<p style=\"text-align: justify;\">Meine Hunde \u2026 dazu muss ich wenig sagen. Sie sind meine gro\u00dfe Leidenschaft und mein Hobby. Mein Herz schl\u00e4gt f\u00fcr die Chow-Chows und ihnen ist die Seite <a title=\"Alles \u00fcber den Chow-Chow\" href=\"http:\/\/www.der-chow-chow.de\" target=\"_blank\">http:\/\/www.der-chow-chow.de<\/a> gewidmet. F\u00fcr mich spielt es keine Rolle, ob der Chow-Chow mit einem ellenlangen Ahnennachweis geboren wurde, oder ob mich meine Freundin Rotraut Ueding von den Chows in Not, wegen eines dringenden Notfalls um Hilfe bittet.<\/p>\n<p style=\"text-align: justify;\">Ob ich \u00fcber meinen Chow-Chow Rusty zur Fotografie kam, oder ob mir das mein Papa mit in die Wiege gelegt hat, kann ich heute nicht genau beantworten. Das ist auch nicht wichtig. Wichtig ist jedoch, dass ich ohne Knipse selten unterwegs bin. Mit einem befreundeten Hobby-Fotografen gibt es die Seite <a title=\"Naturfotos\" href=\"http:\/\/www.natur-momentaufnahmen.de\" target=\"_blank\">http:\/\/www.natur-momentaufnahmen.de<\/a> auf der unsere Naturfotos mit ver\u00f6ffentlicht sind.<\/p>\n<p style=\"text-align: justify;\">Mein Steckenpferd ist die Makrofotografie. Die Vielfalt dieser kleine Welt begeistert mich sehr. Einen riesigen Fundus an Insekten-, und Bl\u00fcten kann ich direkt in meinem Garten finden. Der englischen Rasen, den ich mir damals sehns\u00fcchtig gew\u00fcnscht habe, ist schon lange einer bunt bl\u00fchenden Blumenvielfalt und Blumenwiese gewichen, die ich nach und nach angepflanzt habe. Bereits ab Ende Januar ziehe ich die Chilis und Tomaten aus Samen auf der Fensterbank im B\u00fcro vor. Sobald es tags\u00fcber keine Fr\u00f6ste mehr gibt, ist der Garten mein Wohnzimmer. Neben der Liebe zu Mohn und Lavendel, geh\u00f6ren die unterschiedlichsten Duft-, und Speisekr\u00e4uter dazu, die wir erntefrisch verarbeiten.<\/p>\n<p style=\"text-align: justify;\">Im Sommer sind wir leidenschaftliche Griller. Naja, eher mein Mann, der mit zu den besten Hobby-K\u00f6chen der Genu\u00df-Region Oberfranken z\u00e4hlt (zumindest aus meiner Sicht). Seine gegrillten Tomaten, Auberginen, Zwiebeln z\u00e4hlen genauso zu meinem \u201ehmmmm \u2013 ist das lecker\u201c \u2013 Gerichten, wie die erstklassigen Kuchen, die er b\u00e4ckt, oder den Schweinebraten, der fast im Rohr gestreichelt wird, damit er zart und saftig wird.<\/p>\n<p style=\"text-align: justify;\">Bei uns gibt es immer etwas zu berichten und es w\u00e4re sch\u00f6n, wenn ihr wieder vorbei schauen w\u00fcrdet.<\/p>\n<p style=\"text-align: justify;\">\u00a0<\/p>\n","protected":false},"excerpt":{"rendered":"<p>Im t\u00e4glichen Leben hei\u00dfe ich Ulrike Hoffmann und lebe mit meinem Mann und unseren beiden Hunden in der N\u00e4he von Bamberg. Franken ist nicht nur f\u00fcr mich, sondern auch f\u00fcr meine Mann mehr als ein St\u00fcckchen Heimat. Unsere Region wird &hellip; <a href=\"https:\/\/schbazl.de\/wordpress\/ueber-mich\/\">Weiterlesen <span class=\"meta-nav\">&rarr;<\/span><\/a><\/p>\n","protected":false},"author":1,"featured_media":0,"parent":0,"menu_order":0,"comment_status":"open","ping_status":"open","template":"","meta":{"_s2mail":"yes","ngg_post_thumbnail":0,"footnotes":""},"class_list":["post-55","page","type-page","status-publish","hentry"],"aioseo_notices":[],"_links":{"self":[{"href":"https:\/\/schbazl.de\/wordpress\/wp-json\/wp\/v2\/pages\/55","targetHints":{"allow":["GET"]}}],"collection":[{"href":"https:\/\/schbazl.de\/wordpress\/wp-json\/wp\/v2\/pages"}],"about":[{"href":"https:\/\/schbazl.de\/wordpress\/wp-json\/wp\/v2\/types\/page"}],"author":[{"embeddable":true,"href":"https:\/\/schbazl.de\/wordpress\/wp-json\/wp\/v2\/users\/1"}],"replies":[{"embeddable":true,"href":"https:\/\/schbazl.de\/wordpress\/wp-json\/wp\/v2\/comments?post=55"}],"version-history":[{"count":8,"href":"https:\/\/schbazl.de\/wordpress\/wp-json\/wp\/v2\/pages\/55\/revisions"}],"predecessor-version":[{"id":2417,"href":"https:\/\/schbazl.de\/wordpress\/wp-json\/wp\/v2\/pages\/55\/revisions\/2417"}],"wp:attachment":[{"href":"https:\/\/schbazl.de\/wordpress\/wp-json\/wp\/v2\/media?parent=55"}],"curies":[{"name":"wp","href":"https:\/\/api.w.org\/{rel}","templated":true}]}}