{"id":51,"date":"2013-11-26T20:31:03","date_gmt":"2013-11-26T18:31:03","guid":{"rendered":"http:\/\/www.schbazl.de\/wordpress\/?page_id=51"},"modified":"2023-09-10T22:03:53","modified_gmt":"2023-09-10T20:03:53","slug":"impressum","status":"publish","type":"page","link":"https:\/\/schbazl.de\/wordpress\/impressum\/","title":{"rendered":"Impressum"},"content":{"rendered":"<p>Verantwortlich f\u00fcr Texte und Bilder:<br \/>\nUlrike Hoffmann<br \/>\n96158 Frensdorf<br \/>\nuli (\u00e4t) schbazl.de<\/p>\n<p>Technische Erstellung:<br \/>\nUlrike Hoffmann<\/p>\n<p>Alle Texte und Bilder sind urheberrechtlich gesch\u00fctzt. Ver\u00f6ffentlichungen und Kopien, auch in Ausz\u00fcgen, sind nur mit Genehmigung des Urheber gestattet.<br \/>\nCopyright \u00a9<\/p>\n<p>Ich bin als Inhaltsanbieter f\u00fcr die eigenen Inhalte, die ich zur Nutzung bereithalten, nach den allgemeinen Gesetzen verantwortlich.<\/p>\n<p>Von diesen eigenen Inhalten sind Querverweise (&#8220;Links&#8221;) auf die von anderen Anbietern bereitgehaltenen Inhalte zu unterscheiden. F\u00fcr diese fremden Inhalte bin ich nur dann verantwortlich, wenn uns Kenntnis von einem rechtswidrigen, bzw. strafbaren Inhalt vorliegt und es technisch m\u00f6glich und zumutbar ist, deren Nutzung zu verhindern (\u00a75 Abs.2 TDG).<\/p>\n<p>Bei &#8220;Links&#8221; handelt es sich allerdings stets um &#8220;lebende&#8221; (dynamische) Verweisungen. Wir \u00fcberpr\u00fcfen zwar bei der erstmaligen Verkn\u00fcpfung den fremden Inhalt daraufhin, ob durch ihn eine m\u00f6gliche zivilrechtliche oder strafrechtliche Verantwortlichkeit ausgel\u00f6st wird. Der Inhaltsanbieter ist aber nach dem TDG nicht dazu verpflichtet, die Inhalte, auf die er in seinem Angebot verweist, st\u00e4ndig auf Ver\u00e4nderungen zu \u00fcberpr\u00fcfen, die eine Verantwortlichkeit neu begr\u00fcnden k\u00f6nnten. Erst wenn er feststellt oder von anderen darauf hingewiesen wird, dass ein konkretes Angebot, zu dem er einen Link bereitgestellt hat, eine zivil- oder strafrechtliche Verantwortlichkeit ausl\u00f6st, wird er den Verweis auf dieses Angebot aufheben, soweit ihm dies technisch m\u00f6glich und zumutbar ist.<\/p>\n<p>Ulrike Hoffmann<\/p>\n","protected":false},"excerpt":{"rendered":"<p>Verantwortlich f\u00fcr Texte und Bilder: Ulrike Hoffmann 96158 Frensdorf uli (\u00e4t) schbazl.de Technische Erstellung: Ulrike Hoffmann Alle Texte und Bilder sind urheberrechtlich gesch\u00fctzt. Ver\u00f6ffentlichungen und Kopien, auch in Ausz\u00fcgen, sind nur mit Genehmigung des Urheber gestattet. Copyright \u00a9 Ich bin &hellip; <a href=\"https:\/\/schbazl.de\/wordpress\/impressum\/\">Weiterlesen <span class=\"meta-nav\">&rarr;<\/span><\/a><\/p>\n","protected":false},"author":1,"featured_media":0,"parent":0,"menu_order":0,"comment_status":"open","ping_status":"open","template":"","meta":{"_s2mail":"yes","ngg_post_thumbnail":0,"footnotes":""},"class_list":["post-51","page","type-page","status-publish","hentry"],"aioseo_notices":[],"_links":{"self":[{"href":"https:\/\/schbazl.de\/wordpress\/wp-json\/wp\/v2\/pages\/51","targetHints":{"allow":["GET"]}}],"collection":[{"href":"https:\/\/schbazl.de\/wordpress\/wp-json\/wp\/v2\/pages"}],"about":[{"href":"https:\/\/schbazl.de\/wordpress\/wp-json\/wp\/v2\/types\/page"}],"author":[{"embeddable":true,"href":"https:\/\/schbazl.de\/wordpress\/wp-json\/wp\/v2\/users\/1"}],"replies":[{"embeddable":true,"href":"https:\/\/schbazl.de\/wordpress\/wp-json\/wp\/v2\/comments?post=51"}],"version-history":[{"count":4,"href":"https:\/\/schbazl.de\/wordpress\/wp-json\/wp\/v2\/pages\/51\/revisions"}],"predecessor-version":[{"id":10346,"href":"https:\/\/schbazl.de\/wordpress\/wp-json\/wp\/v2\/pages\/51\/revisions\/10346"}],"wp:attachment":[{"href":"https:\/\/schbazl.de\/wordpress\/wp-json\/wp\/v2\/media?parent=51"}],"curies":[{"name":"wp","href":"https:\/\/api.w.org\/{rel}","templated":true}]}}