{"id":10347,"date":"2023-09-11T18:53:15","date_gmt":"2023-09-11T16:53:15","guid":{"rendered":"https:\/\/schbazl.de\/wordpress\/?page_id=10347"},"modified":"2025-09-04T20:20:11","modified_gmt":"2025-09-04T18:20:11","slug":"logbuch-xi","status":"publish","type":"page","link":"https:\/\/schbazl.de\/wordpress\/logbuch-xi\/","title":{"rendered":"Logbuch XI"},"content":{"rendered":"\n<p>lt. Google kann ein Logbuch dazu dienen, wichtige Ereignisse, Entscheidungen und Vorg\u00e4nge w\u00e4hrend des Projektverlaufs chronologisch zu dokumentieren.<br>Gerade f\u00fcr l\u00e4nger laufende Projekte (Monate, Jahre) erweist sich ein Logbuch als sehr sinnvoll.<br>Ich denke, bei unserem &#8220;fahrendes Projekt XI&#8221; wird hoffentlich einiges hier dokumentiert werden \ud83d\ude09<\/p>\n\n\n\n<p><strong>Trip 11<br>Dinkelsb\u00fchl &#8211; Schw\u00e4bisch Hall<br>10.07.2025 &#8211; 12.07.2025<\/strong><\/p>\n\n\n\n<p><strong>Trip 10<br>Auf in den Harz<br>28.08.2025 &#8211; 31.08.2025<\/strong><\/p>\n\n\n\n<figure class=\"wp-block-embed is-type-wp-embed is-provider-schbazls-welt wp-block-embed-schbazls-welt\"><div class=\"wp-block-embed__wrapper\">\n<blockquote class=\"wp-embedded-content\" data-secret=\"n41ZU2VcH6\"><a href=\"https:\/\/schbazl.de\/wordpress\/auf-in-den-harz\/\">Auf in den Harz<\/a><\/blockquote><iframe loading=\"lazy\" class=\"wp-embedded-content\" sandbox=\"allow-scripts\" security=\"restricted\" style=\"position: absolute; visibility: hidden;\" title=\"&#8222;Auf in den Harz&#8220; &#8212; Schbazls Welt\" src=\"https:\/\/schbazl.de\/wordpress\/auf-in-den-harz\/embed\/#?secret=zGSYdaSBoN#?secret=n41ZU2VcH6\" data-secret=\"n41ZU2VcH6\" width=\"584\" height=\"329\" frameborder=\"0\" marginwidth=\"0\" marginheight=\"0\" scrolling=\"no\"><\/iframe>\n<\/div><\/figure>\n\n\n\n<p><\/p>\n\n\n\n<p><strong>Trip 9<br>Fichtelgebirge (wird nach gereicht)<br>19.06.2025 &#8211; 22.06.2025<\/strong><\/p>\n\n\n\n<p><strong>Trip 8<br>Quer durch Deutschland<br>10.05.2025 &#8211; 22.05.2025<\/strong><\/p>\n\n\n\n<figure class=\"wp-block-embed is-type-wp-embed is-provider-schbazls-welt wp-block-embed-schbazls-welt\"><div class=\"wp-block-embed__wrapper\">\n<blockquote class=\"wp-embedded-content\" data-secret=\"gp3MnJS9lm\"><a href=\"https:\/\/schbazl.de\/wordpress\/quer-durch-deutschland\/\">Quer durch Deutschland<\/a><\/blockquote><iframe loading=\"lazy\" class=\"wp-embedded-content\" sandbox=\"allow-scripts\" security=\"restricted\" style=\"position: absolute; visibility: hidden;\" title=\"&#8222;Quer durch Deutschland&#8220; &#8212; Schbazls Welt\" src=\"https:\/\/schbazl.de\/wordpress\/quer-durch-deutschland\/embed\/#?secret=k87yRy04ER#?secret=gp3MnJS9lm\" data-secret=\"gp3MnJS9lm\" width=\"584\" height=\"329\" frameborder=\"0\" marginwidth=\"0\" marginheight=\"0\" scrolling=\"no\"><\/iframe>\n<\/div><\/figure>\n\n\n\n<p><\/p>\n\n\n\n<p><strong>Trip 7<br>Ellertsh\u00e4user See<br>27.06.2024 &#8211; 30.06.2024<\/strong><\/p>\n\n\n\n<figure class=\"wp-block-embed is-type-wp-embed is-provider-schbazls-welt wp-block-embed-schbazls-welt\"><div class=\"wp-block-embed__wrapper\">\n<blockquote class=\"wp-embedded-content\" data-secret=\"x2zsU13imH\"><a href=\"https:\/\/schbazl.de\/wordpress\/unterwegs-zum-ellertshaeuser-see\/\">Unterwegs zum Ellertsh\u00e4user See<\/a><\/blockquote><iframe loading=\"lazy\" class=\"wp-embedded-content\" sandbox=\"allow-scripts\" security=\"restricted\" style=\"position: absolute; visibility: hidden;\" title=\"&#8222;Unterwegs zum Ellertsh\u00e4user See&#8220; &#8212; Schbazls Welt\" src=\"https:\/\/schbazl.de\/wordpress\/unterwegs-zum-ellertshaeuser-see\/embed\/#?secret=w6pjvXHY6u#?secret=x2zsU13imH\" data-secret=\"x2zsU13imH\" width=\"584\" height=\"329\" frameborder=\"0\" marginwidth=\"0\" marginheight=\"0\" scrolling=\"no\"><\/iframe>\n<\/div><\/figure>\n\n\n\n<p><strong>Trip 6<br>Bretagne <br>12.09.2024 &#8211; 28.09.2024<\/strong><\/p>\n\n\n\n<figure class=\"wp-block-embed is-type-wp-embed is-provider-schbazls-welt wp-block-embed-schbazls-welt\"><div class=\"wp-block-embed__wrapper\">\n<blockquote class=\"wp-embedded-content\" data-secret=\"rf6RCSqdaC\"><a href=\"https:\/\/schbazl.de\/wordpress\/die-bretagne\/\">Die Bretagne<\/a><\/blockquote><iframe loading=\"lazy\" class=\"wp-embedded-content\" sandbox=\"allow-scripts\" security=\"restricted\" style=\"position: absolute; visibility: hidden;\" title=\"&#8222;Die Bretagne&#8220; &#8212; Schbazls Welt\" src=\"https:\/\/schbazl.de\/wordpress\/die-bretagne\/embed\/#?secret=rkexNCqaaX#?secret=rf6RCSqdaC\" data-secret=\"rf6RCSqdaC\" width=\"584\" height=\"329\" frameborder=\"0\" marginwidth=\"0\" marginheight=\"0\" scrolling=\"no\"><\/iframe>\n<\/div><\/figure>\n\n\n\n<p><\/p>\n\n\n\n<p><strong>Trip 5<br>Havel &#8211; Ostsee &#8211; Th\u00fcringen<br>10.05.2024 &#8211; 17.05.2024<\/strong><\/p>\n\n\n\n<figure class=\"wp-block-embed is-type-wp-embed is-provider-schbazls-welt wp-block-embed-schbazls-welt\"><div class=\"wp-block-embed__wrapper\">\n<blockquote class=\"wp-embedded-content\" data-secret=\"6hqMT3JIng\"><a href=\"https:\/\/schbazl.de\/wordpress\/einmal-ostsee-und-zurueck\/\">Einmal Ostsee und zur\u00fcck<\/a><\/blockquote><iframe loading=\"lazy\" class=\"wp-embedded-content\" sandbox=\"allow-scripts\" security=\"restricted\" style=\"position: absolute; visibility: hidden;\" title=\"&#8222;Einmal Ostsee und zur\u00fcck&#8220; &#8212; Schbazls Welt\" src=\"https:\/\/schbazl.de\/wordpress\/einmal-ostsee-und-zurueck\/embed\/#?secret=Uk4H1nAfNC#?secret=6hqMT3JIng\" data-secret=\"6hqMT3JIng\" width=\"584\" height=\"329\" frameborder=\"0\" marginwidth=\"0\" marginheight=\"0\" scrolling=\"no\"><\/iframe>\n<\/div><\/figure>\n\n\n\n<p><strong>Trip 4<br>M\u00f6dlareuth<br>29.03.2024 &#8211; 01.04.2024<\/strong><\/p>\n\n\n\n<figure class=\"wp-block-embed is-type-wp-embed is-provider-schbazls-welt wp-block-embed-schbazls-welt\"><div class=\"wp-block-embed__wrapper\">\n<blockquote class=\"wp-embedded-content\" data-secret=\"Tc69SRGygj\"><a href=\"https:\/\/schbazl.de\/wordpress\/moedlareuth\/\">M\u00f6dlareuth<\/a><\/blockquote><iframe loading=\"lazy\" class=\"wp-embedded-content\" sandbox=\"allow-scripts\" security=\"restricted\" style=\"position: absolute; visibility: hidden;\" title=\"&#8222;M\u00f6dlareuth&#8220; &#8212; Schbazls Welt\" src=\"https:\/\/schbazl.de\/wordpress\/moedlareuth\/embed\/#?secret=taCOlRpcnZ#?secret=Tc69SRGygj\" data-secret=\"Tc69SRGygj\" width=\"584\" height=\"329\" frameborder=\"0\" marginwidth=\"0\" marginheight=\"0\" scrolling=\"no\"><\/iframe>\n<\/div><\/figure>\n\n\n\n<p><strong>Trip 3<br>Schwarzwald &#8211; Elsass &#8211; Nord-Pas de Calais &#8211; Seeland &#8211; Eifel &#8211; Maingebiet<br>16.09.- 28.09.2023<\/strong><\/p>\n\n\n\n<figure class=\"wp-block-embed is-type-wp-embed is-provider-schbazls-welt wp-block-embed-schbazls-welt\"><div class=\"wp-block-embed__wrapper\">\n<blockquote class=\"wp-embedded-content\" data-secret=\"Yiuopog6Ql\"><a href=\"https:\/\/schbazl.de\/wordpress\/d-f-b-nl-d\/\">D &#8211; F &#8211; B &#8211; NL &#8211; D<\/a><\/blockquote><iframe loading=\"lazy\" class=\"wp-embedded-content\" sandbox=\"allow-scripts\" security=\"restricted\" style=\"position: absolute; visibility: hidden;\" title=\"&#8222;D &#8211; F &#8211; B &#8211; NL &#8211; D&#8220; &#8212; Schbazls Welt\" src=\"https:\/\/schbazl.de\/wordpress\/d-f-b-nl-d\/embed\/#?secret=YHfLbVqeNQ#?secret=Yiuopog6Ql\" data-secret=\"Yiuopog6Ql\" width=\"584\" height=\"329\" frameborder=\"0\" marginwidth=\"0\" marginheight=\"0\" scrolling=\"no\"><\/iframe>\n<\/div><\/figure>\n\n\n\n<p><strong>Trip 2 <\/strong><br><strong>08.09 &#8211; 10.09.2023<\/strong><br><strong>Creglingen &#8211; M\u00fcnster<\/strong><\/p>\n\n\n\n<p>&#8220;Warum fahren wir nicht mit dem Camper zu Antje&amp;Jan um sie in M\u00fcnster (BW) zu besuchen?&#8221;<br>Ja stimmt! P\u00e4ddas Frage war durchaus berechtigt. Auch wenn ich 3x am Tag an XI vorbei laufe, irgendwie ist der Camper noch nicht so ganz in mein Inneres gesickert.<\/p>\n\n\n\n<p>Antje&amp;Jan, sind total liebe holl\u00e4ndische Freunde von uns  (ja Jan, ich wei\u00df. Es hei\u00dft: Niederl\u00e4ndische Freunde \ud83d\ude09  ).<br>Und obwohl wir uns erst vor 2 Wochen in den NL gesehen haben, freute ich mich sehr auf das Treffen in M\u00fcnster auf dem Campingplatz.<br>Seit einigen Jahren verbringen die Beiden mit ihren Chowies ihren Urlaub im sch\u00f6nen Taubertal.<\/p>\n\n\n\n<p>Nachdem ich freitags nicht mehr arbeite, konnte ich XI soweit best\u00fccken, dass wir nach P\u00e4ddas Arbeitsende sofort ins Auto springen konnten. Ein bisschen nerv\u00f6s war ich schon, ob ich XI auch steuern konnte. 6,5M und 3t ist ist halt doch was anderes, als mein kleiner Twingo.<br>Jupp &#8211; es hat alles geklappt. Selbst die enge &#8220;romantische Stra\u00dfe&#8221; fuhr ich ohne z\u00f6gern. Gut, der Linienbus hinter uns war bestimmt froh, dass ich dann endlich abbog. Egal &#8211; XI und ich m\u00fcssen uns erst mal aneinander gew\u00f6hnen.<br>Und nachdem Fiete sich nach 20 Minuten auf seinen Platz gelegt hat, war es ein sehr gutes Zeichen. Er war mit meiner Fahrerei einverstanden.<\/p>\n\n\n\n<p>P\u00e4dda und ich sind eher die &#8220;Frei Camper&#8221;. Bitte jedoch nicht verwechseln mit &#8220;Wild Camper&#8221;.<br>Wir stehen gerne da, wo man ein oder zwei N\u00e4chte au\u00dferhalb von Campingpl\u00e4tzen stehen darf. Unser autarker Camper ist auch hierf\u00fcr ausgelegt.<br>Deshalb zogen wir es vor, nicht auf dem Campingplatz &#8220;Romantische Stra\u00dfe&#8221; in M\u00fcnster zu stehen, sondern auf dem Parkplatz direkt an einem der M\u00fcnsterseen. Jedoch nur 10 Minuten zu Fu\u00df um auf den Campingplatz zu Antje&amp;Jan zu gelangen.<\/p>\n\n\n\n<p>Was f\u00fcr ein tolles Wochenende!!<br>Der kleine See und die Anlage ist ein Traum. Nicht nur, dass alles perfekt sauber und ordentlich war, sondern es sind auch saubere \u00f6ffentliche Toiletten und Duschen vorhanden.<br>Einmal \u00fcber den Deich und schwups, waren wir bei Antje&amp;Jan auf dem Campingplatz.<br>Dort gab es am Freitagabende eine mitgebrachte Brotzeit und am Samstag in der &#8220;Brecherscheune&#8221; ein ausgezeichnetes Abendessen.<br>Am Samstagvormittag besuchten wir die charmante Stadt &#8220;Creglingen&#8221;, den Samstag Nachmittag und Sonntag Vormittag verbrachte P\u00e4dda mit seinem SUB auf dem See und ich im Liegestuhl mit einem Buch und wunderbaren Gespr\u00e4chen mit unseren lieben &#8220;Holl\u00e4ndischen Freunden&#8221;.<br>Es f\u00fchlte sich wie Urlaub an, auch wenn es nur 2 1\/2 Tage waren.<br>Alles in allem war es perfekt.<br>Ein paar kleine Sachen m\u00fcssen bei und in XI noch nachjustiert werden &#8211; aber im gro\u00dfen und ganzen sind wir sehr gut f\u00fcr die n\u00e4chste Reise ger\u00fcstet.<\/p>\n\n\n\nngg_shortcode_0_placeholder\n\n\n\n<p><\/p>\n\n\n\n<p><strong>Trip 1<br>Frensdorf &#8211; Edersee und zur\u00fcck<br>24.07.- 28.07.2023<\/strong><\/p>\n\n\n\n<figure class=\"wp-block-embed is-type-wp-embed is-provider-schbazls-welt wp-block-embed-schbazls-welt\"><div class=\"wp-block-embed__wrapper\">\n<blockquote class=\"wp-embedded-content\" data-secret=\"mgkGzxFrub\"><a href=\"https:\/\/schbazl.de\/wordpress\/frensdorf-edersee-und-zurueck\/\">Frensdorf &#8211; Edersee &#8211; und zur\u00fcck<\/a><\/blockquote><iframe loading=\"lazy\" class=\"wp-embedded-content\" sandbox=\"allow-scripts\" security=\"restricted\" style=\"position: absolute; visibility: hidden;\" title=\"&#8222;Frensdorf &#8211; Edersee &#8211; und zur\u00fcck&#8220; &#8212; Schbazls Welt\" src=\"https:\/\/schbazl.de\/wordpress\/frensdorf-edersee-und-zurueck\/embed\/#?secret=PNnErLcwPq#?secret=mgkGzxFrub\" data-secret=\"mgkGzxFrub\" width=\"584\" height=\"329\" frameborder=\"0\" marginwidth=\"0\" marginheight=\"0\" scrolling=\"no\"><\/iframe>\n<\/div><\/figure>\n","protected":false},"excerpt":{"rendered":"<p>lt. Google kann ein Logbuch dazu dienen, wichtige Ereignisse, Entscheidungen und Vorg\u00e4nge w\u00e4hrend des Projektverlaufs chronologisch zu dokumentieren.Gerade f\u00fcr l\u00e4nger laufende Projekte (Monate, Jahre) erweist sich ein Logbuch als sehr sinnvoll.Ich denke, bei unserem &#8220;fahrendes Projekt XI&#8221; wird hoffentlich einiges &hellip; <a href=\"https:\/\/schbazl.de\/wordpress\/logbuch-xi\/\">Weiterlesen <span class=\"meta-nav\">&rarr;<\/span><\/a><\/p>\n","protected":false},"author":1,"featured_media":0,"parent":0,"menu_order":0,"comment_status":"closed","ping_status":"closed","template":"","meta":{"_s2mail":"yes","ngg_post_thumbnail":0,"footnotes":""},"class_list":["post-10347","page","type-page","status-publish","hentry"],"aioseo_notices":[],"_links":{"self":[{"href":"https:\/\/schbazl.de\/wordpress\/wp-json\/wp\/v2\/pages\/10347","targetHints":{"allow":["GET"]}}],"collection":[{"href":"https:\/\/schbazl.de\/wordpress\/wp-json\/wp\/v2\/pages"}],"about":[{"href":"https:\/\/schbazl.de\/wordpress\/wp-json\/wp\/v2\/types\/page"}],"author":[{"embeddable":true,"href":"https:\/\/schbazl.de\/wordpress\/wp-json\/wp\/v2\/users\/1"}],"replies":[{"embeddable":true,"href":"https:\/\/schbazl.de\/wordpress\/wp-json\/wp\/v2\/comments?post=10347"}],"version-history":[{"count":38,"href":"https:\/\/schbazl.de\/wordpress\/wp-json\/wp\/v2\/pages\/10347\/revisions"}],"predecessor-version":[{"id":11427,"href":"https:\/\/schbazl.de\/wordpress\/wp-json\/wp\/v2\/pages\/10347\/revisions\/11427"}],"wp:attachment":[{"href":"https:\/\/schbazl.de\/wordpress\/wp-json\/wp\/v2\/media?parent=10347"}],"curies":[{"name":"wp","href":"https:\/\/api.w.org\/{rel}","templated":true}]}}