{"id":6848,"date":"2021-02-20T10:31:00","date_gmt":"2021-02-20T09:31:00","guid":{"rendered":"http:\/\/www.schbazl.de\/uligraphie\/wordpress\/?page_id=6848"},"modified":"2021-02-20T10:31:01","modified_gmt":"2021-02-20T09:31:01","slug":"datenschutzerklaerung-2","status":"publish","type":"page","link":"https:\/\/schbazl.de\/uligraphie\/wordpress\/datenschutzerklaerung-2\/","title":{"rendered":"Datenschutzerkl\u00e4rung"},"content":{"rendered":"\n<p><strong>Nutzung Ihrer Daten aus dem Kontaktformular<\/strong><br><br>Die personenbezogenen Daten, die Sie uns im Rahmen der Kontaktanfrage zur Verf\u00fcgung stellen, werden nur f\u00fcr die Beantwortung Ihrer Anfrage bzw. Kontaktaufnahme und f\u00fcr die damit verbundene technische Administration verwendet. Die Weitergabe an Dritte findet nicht statt.<br><br>Sie haben das Recht, eine erteilte Einwilligung mit Wirkung f\u00fcr die Zukunft jederzeit zu widerrufen. In diesem Fall werden Ihre personenbezogenen Daten umgehend gel\u00f6scht.<br><br>Ihre personenbezogenen Daten werden auch ohne Ihren Widerruf gel\u00f6scht, wenn wir Ihre Anfrage bearbeitet haben oder Sie die hier erteilte Einwilligung zur Speicherung widerrufen. Dies geschieht auch, wenn die Speicherung aus sonstigen gesetzlichen Gr\u00fcnden unzul\u00e4ssig ist.<br><br>Sie k\u00f6nnen sich jederzeit \u00fcber die zu Ihrer Person gespeicherten Daten informieren.<\/p>\n","protected":false},"excerpt":{"rendered":"<p>Nutzung Ihrer Daten aus dem Kontaktformular Die personenbezogenen Daten, die Sie uns im Rahmen der Kontaktanfrage zur Verf\u00fcgung stellen, werden nur f\u00fcr die Beantwortung Ihrer Anfrage bzw. Kontaktaufnahme und f\u00fcr die damit verbundene technische Administration verwendet. Die Weitergabe an Dritte findet nicht statt. Sie haben das Recht, eine erteilte Einwilligung mit Wirkung f\u00fcr die Zukunft [&hellip;]<\/p>\n","protected":false},"author":2,"featured_media":0,"parent":0,"menu_order":0,"comment_status":"closed","ping_status":"closed","template":"","meta":{"ngg_post_thumbnail":0,"footnotes":""},"class_list":["post-6848","page","type-page","status-publish","hentry"],"_links":{"self":[{"href":"https:\/\/schbazl.de\/uligraphie\/wordpress\/wp-json\/wp\/v2\/pages\/6848","targetHints":{"allow":["GET"]}}],"collection":[{"href":"https:\/\/schbazl.de\/uligraphie\/wordpress\/wp-json\/wp\/v2\/pages"}],"about":[{"href":"https:\/\/schbazl.de\/uligraphie\/wordpress\/wp-json\/wp\/v2\/types\/page"}],"author":[{"embeddable":true,"href":"https:\/\/schbazl.de\/uligraphie\/wordpress\/wp-json\/wp\/v2\/users\/2"}],"replies":[{"embeddable":true,"href":"https:\/\/schbazl.de\/uligraphie\/wordpress\/wp-json\/wp\/v2\/comments?post=6848"}],"version-history":[{"count":1,"href":"https:\/\/schbazl.de\/uligraphie\/wordpress\/wp-json\/wp\/v2\/pages\/6848\/revisions"}],"predecessor-version":[{"id":6849,"href":"https:\/\/schbazl.de\/uligraphie\/wordpress\/wp-json\/wp\/v2\/pages\/6848\/revisions\/6849"}],"wp:attachment":[{"href":"https:\/\/schbazl.de\/uligraphie\/wordpress\/wp-json\/wp\/v2\/media?parent=6848"}],"curies":[{"name":"wp","href":"https:\/\/api.w.org\/{rel}","templated":true}]}}